{"id":142,"date":"2024-03-29T08:26:13","date_gmt":"2024-03-29T11:26:13","guid":{"rendered":"http:\/\/direitoemcurso.com.br\/?page_id=142"},"modified":"2024-03-29T08:26:13","modified_gmt":"2024-03-29T11:26:13","slug":"entre-em-contato","status":"publish","type":"page","link":"http:\/\/direitoemcurso.com.br\/index.php\/entre-em-contato\/","title":{"rendered":"Entre em contato"},"content":{"rendered":"\n<div class=\"wpcf7 no-js\" id=\"wpcf7-f15-o1\" lang=\"pt-BR\" dir=\"ltr\">\n<div class=\"screen-reader-response\"><p role=\"status\" aria-live=\"polite\" aria-atomic=\"true\"><\/p> <ul><\/ul><\/div>\n<form action=\"\/index.php\/wp-json\/wp\/v2\/pages\/142#wpcf7-f15-o1\" method=\"post\" class=\"wpcf7-form init\" aria-label=\"Formul\u00e1rios de contato\" novalidate=\"novalidate\" data-status=\"init\">\n<div style=\"display: none;\">\n<input type=\"hidden\" name=\"_wpcf7\" value=\"15\" \/>\n<input type=\"hidden\" name=\"_wpcf7_version\" value=\"5.9.3\" \/>\n<input type=\"hidden\" name=\"_wpcf7_locale\" value=\"pt_BR\" \/>\n<input type=\"hidden\" name=\"_wpcf7_unit_tag\" value=\"wpcf7-f15-o1\" \/>\n<input type=\"hidden\" name=\"_wpcf7_container_post\" value=\"0\" \/>\n<input type=\"hidden\" name=\"_wpcf7_posted_data_hash\" value=\"\" \/>\n<\/div>\n<p><label for=\"your-name\">Seu Nome<\/label><br \/>\n<span class=\"wpcf7-form-control-wrap\" data-name=\"your-name\"><input size=\"40\" class=\"wpcf7-form-control wpcf7-text wpcf7-validates-as-required\" id=\"your-name\" aria-required=\"true\" aria-invalid=\"false\" value=\"\" type=\"text\" name=\"your-name\" \/><\/span>\n<\/p>\n<p><label for=\"your-email\">Seu Email<\/label><br \/>\n<span class=\"wpcf7-form-control-wrap\" data-name=\"your-email\"><input size=\"40\" class=\"wpcf7-form-control wpcf7-email wpcf7-validates-as-required wpcf7-text wpcf7-validates-as-email\" id=\"your-email\" aria-required=\"true\" aria-invalid=\"false\" value=\"\" type=\"email\" name=\"your-email\" \/><\/span>\n<\/p>\n<p><label for=\"your-subject\">Assunto<\/label><br \/>\n<span class=\"wpcf7-form-control-wrap\" data-name=\"your-subject\"><input size=\"40\" class=\"wpcf7-form-control wpcf7-text wpcf7-validates-as-required\" id=\"your-subject\" aria-required=\"true\" aria-invalid=\"false\" value=\"\" type=\"text\" name=\"your-subject\" \/><\/span>\n<\/p>\n<p><label for=\"your-message\">Mensagem (opcional)<\/label><br \/>\n<span class=\"wpcf7-form-control-wrap\" data-name=\"your-message\"><textarea cols=\"40\" rows=\"10\" class=\"wpcf7-form-control wpcf7-textarea\" id=\"your-message\" aria-invalid=\"false\" name=\"your-message\"><\/textarea><\/span>\n<\/p>\n<p><label for=\"course-interest\">Curso de Interesse<\/label><br \/>\n<span class=\"wpcf7-form-control-wrap\" data-name=\"course-interest\"><input size=\"40\" class=\"wpcf7-form-control wpcf7-text wpcf7-validates-as-required\" id=\"course-interest\" aria-required=\"true\" aria-invalid=\"false\" value=\"\" type=\"text\" name=\"course-interest\" \/><\/span>\n<\/p>\n<p><label for=\"how-found-us\">Como voc\u00ea soube sobre n\u00f3s?<\/label><br \/>\n<span class=\"wpcf7-form-control-wrap\" data-name=\"how-found-us\"><span class=\"wpcf7-form-control wpcf7-radio\" id=\"how-found-us\"><span class=\"wpcf7-list-item first\"><input type=\"radio\" name=\"how-found-us\" value=\"Google\" \/><span class=\"wpcf7-list-item-label\">Google<\/span><\/span><span class=\"wpcf7-list-item\"><input type=\"radio\" name=\"how-found-us\" value=\"Facebook\" \/><span class=\"wpcf7-list-item-label\">Facebook<\/span><\/span><span class=\"wpcf7-list-item\"><input type=\"radio\" name=\"how-found-us\" value=\"Instagram\" \/><span class=\"wpcf7-list-item-label\">Instagram<\/span><\/span><span class=\"wpcf7-list-item\"><input type=\"radio\" name=\"how-found-us\" value=\"Recomenda\u00e7\u00e3o de amigos\" \/><span class=\"wpcf7-list-item-label\">Recomenda\u00e7\u00e3o de amigos<\/span><\/span><span class=\"wpcf7-list-item last\"><input type=\"radio\" name=\"how-found-us\" value=\"Outros\" \/><span class=\"wpcf7-list-item-label\">Outros<\/span><\/span><\/span><\/span>\n<\/p>\n<p><label for=\"newsletter-signup\">Gostaria de receber novidades por email?<\/label><br \/>\n<span class=\"wpcf7-form-control-wrap\" data-name=\"newsletter-signup\"><span class=\"wpcf7-form-control wpcf7-checkbox\" id=\"newsletter-signup\"><span class=\"wpcf7-list-item first last\"><input type=\"checkbox\" name=\"newsletter-signup[]\" value=\"Sim, gostaria de receber novidades e atualiza\u00e7\u00f5es por email.\" \/><span class=\"wpcf7-list-item-label\">Sim, gostaria de receber novidades e atualiza\u00e7\u00f5es por email.<\/span><\/span><\/span><\/span>\n<\/p>\n<p><input class=\"wpcf7-form-control wpcf7-submit has-spinner\" type=\"submit\" value=\"Enviar\" \/>\n<\/p><div class=\"wpcf7-response-output\" aria-hidden=\"true\"><\/div>\n<\/form>\n<\/div>\n\n","protected":false},"excerpt":{"rendered":"Seu Nome Seu Email Assunto Mensagem (opcional) Curso de Interesse Como voc\u00ea soube sobre n\u00f3s? GoogleFacebookInstagramRecomenda\u00e7\u00e3o de amigosOutros Gostaria de receber novidades por email? Sim, gostaria de receber novidades e atualiza\u00e7\u00f5es por email.","protected":false},"author":1,"featured_media":0,"parent":0,"menu_order":0,"comment_status":"closed","ping_status":"closed","template":"","meta":{"footnotes":""},"yoast_head":"<!-- This site is optimized with the Yoast SEO plugin v22.3 - https:\/\/yoast.com\/wordpress\/plugins\/seo\/ -->\n<title>Entre em contato -<\/title>\n<meta name=\"robots\" content=\"index, follow, max-snippet:-1, max-image-preview:large, max-video-preview:-1\" \/>\n<link rel=\"canonical\" href=\"http:\/\/direitoemcurso.com.br\/index.php\/entre-em-contato\/\" \/>\n<meta property=\"og:locale\" content=\"pt_BR\" \/>\n<meta property=\"og:type\" content=\"article\" \/>\n<meta property=\"og:title\" content=\"Entre em contato -\" \/>\n<meta property=\"og:url\" content=\"http:\/\/direitoemcurso.com.br\/index.php\/entre-em-contato\/\" \/>\n<meta name=\"twitter:card\" content=\"summary_large_image\" \/>\n<meta name=\"twitter:label1\" content=\"Est. tempo de leitura\" \/>\n\t<meta name=\"twitter:data1\" content=\"1 minuto\" \/>\n<script type=\"application\/ld+json\" class=\"yoast-schema-graph\">{\"@context\":\"https:\/\/schema.org\",\"@graph\":[{\"@type\":\"WebPage\",\"@id\":\"http:\/\/direitoemcurso.com.br\/index.php\/entre-em-contato\/\",\"url\":\"http:\/\/direitoemcurso.com.br\/index.php\/entre-em-contato\/\",\"name\":\"Entre em contato -\",\"isPartOf\":{\"@id\":\"http:\/\/direitoemcurso.com.br\/#website\"},\"datePublished\":\"2024-03-29T11:26:13+00:00\",\"dateModified\":\"2024-03-29T11:26:13+00:00\",\"breadcrumb\":{\"@id\":\"http:\/\/direitoemcurso.com.br\/index.php\/entre-em-contato\/#breadcrumb\"},\"inLanguage\":\"pt-BR\",\"potentialAction\":[{\"@type\":\"ReadAction\",\"target\":[\"http:\/\/direitoemcurso.com.br\/index.php\/entre-em-contato\/\"]}]},{\"@type\":\"BreadcrumbList\",\"@id\":\"http:\/\/direitoemcurso.com.br\/index.php\/entre-em-contato\/#breadcrumb\",\"itemListElement\":[{\"@type\":\"ListItem\",\"position\":1,\"name\":\"Home\",\"item\":\"http:\/\/direitoemcurso.com.br\/\"},{\"@type\":\"ListItem\",\"position\":2,\"name\":\"Entre em contato\"}]},{\"@type\":\"WebSite\",\"@id\":\"http:\/\/direitoemcurso.com.br\/#website\",\"url\":\"http:\/\/direitoemcurso.com.br\/\",\"name\":\"\",\"description\":\"Movendo Conhecimento, Transformando Justi\u00e7a\",\"potentialAction\":[{\"@type\":\"SearchAction\",\"target\":{\"@type\":\"EntryPoint\",\"urlTemplate\":\"http:\/\/direitoemcurso.com.br\/?s={search_term_string}\"},\"query-input\":\"required name=search_term_string\"}],\"inLanguage\":\"pt-BR\"}]}<\/script>\n<!-- \/ Yoast SEO plugin. -->","yoast_head_json":{"title":"Entre em contato -","robots":{"index":"index","follow":"follow","max-snippet":"max-snippet:-1","max-image-preview":"max-image-preview:large","max-video-preview":"max-video-preview:-1"},"canonical":"http:\/\/direitoemcurso.com.br\/index.php\/entre-em-contato\/","og_locale":"pt_BR","og_type":"article","og_title":"Entre em contato -","og_url":"http:\/\/direitoemcurso.com.br\/index.php\/entre-em-contato\/","twitter_card":"summary_large_image","twitter_misc":{"Est. tempo de leitura":"1 minuto"},"schema":{"@context":"https:\/\/schema.org","@graph":[{"@type":"WebPage","@id":"http:\/\/direitoemcurso.com.br\/index.php\/entre-em-contato\/","url":"http:\/\/direitoemcurso.com.br\/index.php\/entre-em-contato\/","name":"Entre em contato -","isPartOf":{"@id":"http:\/\/direitoemcurso.com.br\/#website"},"datePublished":"2024-03-29T11:26:13+00:00","dateModified":"2024-03-29T11:26:13+00:00","breadcrumb":{"@id":"http:\/\/direitoemcurso.com.br\/index.php\/entre-em-contato\/#breadcrumb"},"inLanguage":"pt-BR","potentialAction":[{"@type":"ReadAction","target":["http:\/\/direitoemcurso.com.br\/index.php\/entre-em-contato\/"]}]},{"@type":"BreadcrumbList","@id":"http:\/\/direitoemcurso.com.br\/index.php\/entre-em-contato\/#breadcrumb","itemListElement":[{"@type":"ListItem","position":1,"name":"Home","item":"http:\/\/direitoemcurso.com.br\/"},{"@type":"ListItem","position":2,"name":"Entre em contato"}]},{"@type":"WebSite","@id":"http:\/\/direitoemcurso.com.br\/#website","url":"http:\/\/direitoemcurso.com.br\/","name":"","description":"Movendo Conhecimento, Transformando Justi\u00e7a","potentialAction":[{"@type":"SearchAction","target":{"@type":"EntryPoint","urlTemplate":"http:\/\/direitoemcurso.com.br\/?s={search_term_string}"},"query-input":"required name=search_term_string"}],"inLanguage":"pt-BR"}]}},"_links":{"self":[{"href":"http:\/\/direitoemcurso.com.br\/index.php\/wp-json\/wp\/v2\/pages\/142"}],"collection":[{"href":"http:\/\/direitoemcurso.com.br\/index.php\/wp-json\/wp\/v2\/pages"}],"about":[{"href":"http:\/\/direitoemcurso.com.br\/index.php\/wp-json\/wp\/v2\/types\/page"}],"author":[{"embeddable":true,"href":"http:\/\/direitoemcurso.com.br\/index.php\/wp-json\/wp\/v2\/users\/1"}],"replies":[{"embeddable":true,"href":"http:\/\/direitoemcurso.com.br\/index.php\/wp-json\/wp\/v2\/comments?post=142"}],"version-history":[{"count":1,"href":"http:\/\/direitoemcurso.com.br\/index.php\/wp-json\/wp\/v2\/pages\/142\/revisions"}],"predecessor-version":[{"id":143,"href":"http:\/\/direitoemcurso.com.br\/index.php\/wp-json\/wp\/v2\/pages\/142\/revisions\/143"}],"wp:attachment":[{"href":"http:\/\/direitoemcurso.com.br\/index.php\/wp-json\/wp\/v2\/media?parent=142"}],"curies":[{"name":"wp","href":"https:\/\/api.w.org\/{rel}","templated":true}]}}